{"id":26,"date":"2011-02-03T17:53:56","date_gmt":"2011-02-03T16:53:56","guid":{"rendered":"http:\/\/www.brandenburger-freidenker.de\/cms\/?page_id=26"},"modified":"2024-03-14T18:41:56","modified_gmt":"2024-03-14T17:41:56","slug":"mitmachen","status":"publish","type":"page","link":"https:\/\/www.brandenburger-freidenker.de\/cms\/?page_id=26","title":{"rendered":"Mitmachen"},"content":{"rendered":"<h2>Kontakt<\/h2>\n<p><strong>Brandenburgischer Freidenker-Verband e.V.<\/strong><br \/>\nc\/o Ralf Lux<br \/>\nWilly-A.-Kleinau-Weg 28<br \/>\nD-14480 Potsdam<\/p>\n<p>E-Mail <a href=\"mailto:info@brandenburger-freidenker.de\">info@brandenburger-freidenker.de<\/a><a href=\"mailto:info@brandenburger-freidenker.de\"><br \/>\n<\/a>Telefon <strong>0331-610565<\/strong><\/p>\n<p><a title=\"DFV-Mitglied werden (Hyperlink auf freidenker.org)\" href=\"http:\/\/www.freidenker.org\/?page_id=2507\" target=\"_blank\" rel=\"noopener noreferrer\"><img loading=\"lazy\" decoding=\"async\" class=\"alignnone wp-image-518 size-full\" title=\"DFV-Mitglied werden\" src=\"https:\/\/www.brandenburger-freidenker.de\/cms\/wp-content\/uploads\/2012\/06\/dfv-mitglied-werden.jpg\" alt=\"DFV-Mitglied werden!\" width=\"250\" height=\"40\" srcset=\"https:\/\/www.brandenburger-freidenker.de\/cms\/wp-content\/uploads\/2012\/06\/dfv-mitglied-werden.jpg 250w, https:\/\/www.brandenburger-freidenker.de\/cms\/wp-content\/uploads\/2012\/06\/dfv-mitglied-werden-150x24.jpg 150w\" sizes=\"auto, (max-width: 250px) 100vw, 250px\" \/><\/a><\/p>\n<h3>Der FREIDENKER<\/h3>\n<p style=\"padding-left: 30px;\">Den <em>FREIDENKER<\/em>, die viertelj\u00e4hrliche Zeitschrift des Deutschen Freidenker-Verbandes e.V., k\u00f6nnt Ihr \u00fcber folgenden <a href=\"https:\/\/www.freidenker.org\/?page_id=1908\" target=\"_blank\" rel=\"noopener noreferrer\">Hyperlink<\/a> kennen lernen oder \u00fcber die E-Mail-Adresse <a href=\"mailto:vertrieb@freidenker.de\">vertrieb@freidenker.de<\/a> bestellen. Bleibt am Ball, abonniert den <em>FREIDENKER<\/em>. \u00dcbrigens: Es sind auch \u00e4ltere Ausgaben bzw. Einzelausgaben bestellbar und kosteng\u00fcnstig zu bekommen. Fragt einfach einmal nach.<\/p>\n<h3>Facebook-Webseite des Brandenburgischen Freidenker-Verbandes e.V.<\/h3>\n<p style=\"padding-left: 30px;\">Wir sind auf Facebook mit einer eigenen Seite vertreten. Dort k\u00f6nnt Ihr auch die neuesten Informationen erhalten. Sofern Ihr Mitglied bei Facebook seid, k\u00f6nnt Ihr unserer Seite als &#8222;Fan&#8220; beitreten bzw. den &#8222;Gef\u00e4llt mir&#8220;-Button anklicken. Folgt diesem <a title=\"Hyperlink zu unserer Facebook-Seite\" href=\"https:\/\/www.facebook.com\/pages\/Brandenburgischer-Freidenker-Verband-eV\/241307959280004?sk=wall\" target=\"_blank\" rel=\"noopener noreferrer\">Hyperlink<\/a> &#8230;<\/p>\n<h3>Mailingliste f\u00fcr Mitglieder und Freunde des Brandenburgischen Freidenker-Verbandes e.V.<\/h3>\n<p style=\"padding-left: 30px;\">Diese Mailingliste ist f\u00fcr die Kommunikation der Mitglieder und der Freunde des Brandenburgischen Freidenker-Verbandes e.V. gedacht. Der Ein- bzw. der Austrag in die <a href=\"https:\/\/listi.jpberlin.de\/mailman\/listinfo\/bfv-ml\" target=\"_blank\" rel=\"noopener noreferrer\"><strong>BFV-Mailingliste<\/strong><\/a> erfolgt hier. Fragen oder Hinweise bitte an folgende E-Mail-Adresse richten: <a href=\"mailto:webmaster@brandenburger-freidenker.de\">webmaster@brandenburger-freidenker.de<\/a>.<\/p>\n<h3>FREIDENKER-Brief &#8211; Newsletter des Deutschen Freidenker-Verbandes e.V.<\/h3>\n<p style=\"padding-left: 30px;\">F\u00fcr Mitglieder des Deutschen Freidenker-Verbandes e.V., aber auch f\u00fcr neugierige Mitmenschen sicherlich interessant der <a href=\"https:\/\/www.freidenker-brief.de\" target=\"_blank\" rel=\"noopener noreferrer\">FREIDENKER-BRIEF<\/a> des Bundesvorstandes. Meldet Euch hier <a href=\"https:\/\/listen.jpberlin.de\/mailman\/listinfo\/freidenker-brief\" target=\"_blank\" rel=\"noopener noreferrer\"><strong>an<\/strong><\/a>.<\/p>\n<h3>Freidenker-ML des Brandenburgischen Freidenker-Verbandes e.V.<\/h3>\n<p style=\"padding-left: 30px;\">Diese <a href=\"https:\/\/listi.jpberlin.de\/mailman\/listinfo\/freidenker-ml\" target=\"_blank\" rel=\"noopener noreferrer\"><strong>Mailingliste<\/strong><\/a> ist ein Diskussionsangebot des Brandenburgischen Freidenker-Verbandes vorrangig f\u00fcr Mitglieder des Deutschen Freidenker-Verbandes e.V. und \/ oder seiner Untergliederungen. Anmelden kann sich jedes Mitglied des Deutschen Freidenker-Verbandes e.V. \u00a0\u00dcber die Teilnahme von G\u00e4sten entscheidet der Mailinglistenadministrator individuell. E-Mails von G\u00e4sten k\u00f6nnen durchaus anfangs durch den Mailinglistenadministrator moderiert werden. Erwartet werden tolerante Umgangsformen, unerw\u00fcnscht sind rassistische und diskriminierende Postings, sowie Werbem\u00fcll aller Art. Der Ein- bzw. Austrag erfolgt <a href=\"https:\/\/listi.jpberlin.de\/mailman\/listinfo\/freidenker-ml\" target=\"_blank\" rel=\"noopener noreferrer\"><strong>hier<\/strong><\/a>. Bitte beachtet unsere <strong><a href=\"https:\/\/www.brandenburger-freidenker.de\/cms\/?page_id=2005\" rel=\"noopener\">Netiquette<\/a><\/strong>. Fragen oder Hinweise bitte an folgende E-Mail-Adresse richten: <a href=\"mailto:webmaster@brandenburger-freidenker.de\" target=\"_blank\" rel=\"noopener noreferrer\">webmaster@brandenburger-freidenker.de<\/a>.<\/p>\n","protected":false},"excerpt":{"rendered":"<p>Kontakt Brandenburgischer Freidenker-Verband e.V. c\/o Ralf Lux Willy-A.-Kleinau-Weg 28 D-14480 Potsdam E-Mail info@brandenburger-freidenker.de Telefon 0331-610565 Der FREIDENKER Den FREIDENKER, die viertelj\u00e4hrliche Zeitschrift des Deutschen Freidenker-Verbandes e.V., k\u00f6nnt Ihr \u00fcber folgenden Hyperlink kennen lernen oder \u00fcber die E-Mail-Adresse vertrieb@freidenker.de bestellen. Bleibt &hellip; <a href=\"https:\/\/www.brandenburger-freidenker.de\/cms\/?page_id=26\">Weiterlesen <span class=\"meta-nav\">&rarr;<\/span><\/a><\/p>\n","protected":false},"author":5,"featured_media":0,"parent":0,"menu_order":42,"comment_status":"closed","ping_status":"closed","template":"","meta":{"footnotes":""},"class_list":["post-26","page","type-page","status-publish","hentry"],"_links":{"self":[{"href":"https:\/\/www.brandenburger-freidenker.de\/cms\/index.php?rest_route=\/wp\/v2\/pages\/26","targetHints":{"allow":["GET"]}}],"collection":[{"href":"https:\/\/www.brandenburger-freidenker.de\/cms\/index.php?rest_route=\/wp\/v2\/pages"}],"about":[{"href":"https:\/\/www.brandenburger-freidenker.de\/cms\/index.php?rest_route=\/wp\/v2\/types\/page"}],"author":[{"embeddable":true,"href":"https:\/\/www.brandenburger-freidenker.de\/cms\/index.php?rest_route=\/wp\/v2\/users\/5"}],"replies":[{"embeddable":true,"href":"https:\/\/www.brandenburger-freidenker.de\/cms\/index.php?rest_route=%2Fwp%2Fv2%2Fcomments&post=26"}],"version-history":[{"count":6,"href":"https:\/\/www.brandenburger-freidenker.de\/cms\/index.php?rest_route=\/wp\/v2\/pages\/26\/revisions"}],"predecessor-version":[{"id":2608,"href":"https:\/\/www.brandenburger-freidenker.de\/cms\/index.php?rest_route=\/wp\/v2\/pages\/26\/revisions\/2608"}],"wp:attachment":[{"href":"https:\/\/www.brandenburger-freidenker.de\/cms\/index.php?rest_route=%2Fwp%2Fv2%2Fmedia&parent=26"}],"curies":[{"name":"wp","href":"https:\/\/api.w.org\/{rel}","templated":true}]}}