{"id":24,"date":"2011-02-03T17:53:07","date_gmt":"2011-02-03T16:53:07","guid":{"rendered":"http:\/\/www.brandenburger-freidenker.de\/cms\/?page_id=24"},"modified":"2024-03-14T18:33:50","modified_gmt":"2024-03-14T17:33:50","slug":"termine","status":"publish","type":"page","link":"https:\/\/www.brandenburger-freidenker.de\/cms\/?page_id=24","title":{"rendered":"Veranstaltungen"},"content":{"rendered":"<h3>Veranstaltungsreihen<\/h3>\n<p><strong>Potsdamer Runde<\/strong>: Die Potsdamer FreidenkerInnen und FreundInnen treffen sich regelm\u00e4\u00dfig in der Regel am ersten Donnerstag im Monat (<em>Ausnahmen sind Feiertage und bei sich terminlich \u00fcberlappenden Veranstaltungen<\/em>) um 19 Uhr. <strong>Bitte beachtet<\/strong>: Treff um 19.00 Uhr ist f\u00fcr die Hungrigen und f\u00fcr das kurze Gespr\u00e4ch vorab. <strong>Der Veranstaltungsbeginn ist um 20 Uhr.<br \/>\n<\/strong><br \/>\n<strong>Veranstaltungsort<\/strong>: das <strong>China Haus Potsdam<\/strong> in der Zeppelinstr. 147, direkt am Bahnhof Charlottenhof in Potsdam West gelegen mit eigenem Parkplatz, aber auch sehr gut zu erreichen mit den \u00f6ffentlichen Verkehrsmitteln Tram 91, 94, diversen Bus-Linien und diversen Regionalbahnen der Deutschen Bahn<\/p>\n<p>Weitere regelm\u00e4\u00dfige Treffen sind die <strong>Tag- und Nachtgleichen<\/strong>, sowie die <strong>Sommer- und Wintersonnenwende<\/strong> im Jahr. Die jeweiligen Termine und Veranstaltungsorte werden hier auf unserer Webseite rechtzeitig mitgeteilt.<\/p>\n<p>In unregelm\u00e4\u00dfiger Folge treffen sich die Brandenburger FreidenkerInnen zu diversen kulturellen Aktivit\u00e4ten, diese Treffen sind werden aber nach M\u00f6glichkeit hier angek\u00fcndigt.<\/p>\n<h3>Unsere Termine- und Veranstaltungen<\/h3>\n<h3><strong>Veranstaltungen f\u00fcr 2024<\/strong><\/h3>\n<p>&#8211;&gt; \u00dcbersicht in Arbeit<\/p>\n<h3>Veranstaltungen 2021 \/ 2022<\/h3>\n<p><a href=\"https:\/\/www.freidenker.org\/?p=12437\"><img loading=\"lazy\" decoding=\"async\" class=\"wp-image-2523 size-medium alignnone\" src=\"https:\/\/www.brandenburger-freidenker.de\/cms\/wp-content\/uploads\/2022\/04\/linker-liedersommer-2022-138x300.jpg\" alt=\"\" width=\"138\" height=\"300\" data-wp-editing=\"1\" srcset=\"https:\/\/www.brandenburger-freidenker.de\/cms\/wp-content\/uploads\/2022\/04\/linker-liedersommer-2022-138x300.jpg 138w, https:\/\/www.brandenburger-freidenker.de\/cms\/wp-content\/uploads\/2022\/04\/linker-liedersommer-2022-69x150.jpg 69w, https:\/\/www.brandenburger-freidenker.de\/cms\/wp-content\/uploads\/2022\/04\/linker-liedersommer-2022.jpg 359w\" sizes=\"auto, (max-width: 138px) 100vw, 138px\" \/><\/a><\/p>\n<p><strong>Linker Liedersommer 2022<\/strong>: <a href=\"https:\/\/www.freidenker.org\/?p=12437\" target=\"_blank\" rel=\"noopener\">Bundeswebseite<\/a> oder <a href=\"https:\/\/www.liedersommer.de\" target=\"_blank\" rel=\"noopener\">Veranstaltungswebseite<\/a><\/p>\n<p>Unsere Veranstaltungen fanden und finden bis auf weiteres in diesem Jahr nur im nicht \u00f6ffentlichen Mitgliederkreis statt. (Stand Ende M\u00e4rz 2022)<\/p>\n<h3>Veranstaltungen 2020<\/h3>\n<p>Unsere\u00a0 Veranstaltungen f\u00fcr das Jahr 2020 erreicht Ihr \u00fcber den folgenden Hyperlink <a href=\"https:\/\/www.brandenburger-freidenker.de\/cms\/wp-content\/uploads\/2020\/03\/BFV-Veranstaltungsplan_0220.pdf\" target=\"_blank\" rel=\"noopener noreferrer\">Veranstaltungsplan 2020<\/a> mit Stand Februar, Anfang M\u00e4rz 2020 steht jetzt zur Verf\u00fcgung.<\/p>\n<h3>Veranstaltungen 2019<\/h3>\n<p><a href=\"http:\/\/www.freidenker.org\/?p=5381\"><img loading=\"lazy\" decoding=\"async\" class=\"alignnone size-medium wp-image-2159\" src=\"https:\/\/www.brandenburger-freidenker.de\/cms\/wp-content\/uploads\/2018\/11\/Linker_Liedersommer_2019_800x445-300x167.jpg\" alt=\"\" width=\"300\" height=\"167\" srcset=\"https:\/\/www.brandenburger-freidenker.de\/cms\/wp-content\/uploads\/2018\/11\/Linker_Liedersommer_2019_800x445-300x167.jpg 300w, https:\/\/www.brandenburger-freidenker.de\/cms\/wp-content\/uploads\/2018\/11\/Linker_Liedersommer_2019_800x445-768x427.jpg 768w, https:\/\/www.brandenburger-freidenker.de\/cms\/wp-content\/uploads\/2018\/11\/Linker_Liedersommer_2019_800x445-150x83.jpg 150w, https:\/\/www.brandenburger-freidenker.de\/cms\/wp-content\/uploads\/2018\/11\/Linker_Liedersommer_2019_800x445.jpg 800w\" sizes=\"auto, (max-width: 300px) 100vw, 300px\" \/><\/a><\/p>\n<p><a href=\"http:\/\/www.freidenker.org\/?p=5381\" target=\"_blank\" rel=\"noopener noreferrer\">Linker Liedersommer &#8211; Achtes Kulturseminar<\/a> im Naturfreundehaus Rahnenhof (Pfalz) &#8211; 21. bis 23.6.2019<\/p>\n<p>Unsere aktuellen Veranstaltungen f\u00fcr das Jahr 2019 k\u00f6nnen in unserem <a href=\"https:\/\/www.brandenburger-freidenker.de\/cms\/wp-content\/uploads\/2019\/02\/JahresplanBFV_2019_v2a.pdf\" target=\"_blank\" rel=\"noopener noreferrer\">Veranstaltungsplan<\/a> mit Stand Februar 2019 nachgelesen werden.<\/p>\n<h3>Veranstaltungen 2018<\/h3>\n<p>Unsere aktuellen Veranstaltungen f\u00fcr das Jahr 2018 mit Stand August 2018 kann <a href=\"https:\/\/www.brandenburger-freidenker.de\/cms\/wp-content\/uploads\/2018\/11\/JahresplanBFV_2018_v4.pdf\" target=\"_blank\" rel=\"noopener noreferrer\">hier<\/a> als PDF-Dokument heruntergeladen werden.<\/p>\n<h3>Veranstaltungen 2017<\/h3>\n<p>&nbsp;<\/p>\n<div id=\"attachment_1849\" style=\"width: 163px\" class=\"wp-caption aligncenter\"><a href=\"http:\/\/www.linker-liedersommer-waldeck.de\/cms\/?page_id=646\" target=\"_blank\" rel=\"noopener noreferrer\"><img loading=\"lazy\" decoding=\"async\" aria-describedby=\"caption-attachment-1849\" class=\"wp-image-1849 size-medium\" src=\"https:\/\/www.brandenburger-freidenker.de\/cms\/wp-content\/uploads\/2016\/11\/llso2017_300x590-153x300.png\" alt=\"23. bis 25. Juni 2017 - Linker Liedersommer auf Burg Waldeck\" width=\"153\" height=\"300\" srcset=\"https:\/\/www.brandenburger-freidenker.de\/cms\/wp-content\/uploads\/2016\/11\/llso2017_300x590-153x300.png 153w, https:\/\/www.brandenburger-freidenker.de\/cms\/wp-content\/uploads\/2016\/11\/llso2017_300x590-77x150.png 77w, https:\/\/www.brandenburger-freidenker.de\/cms\/wp-content\/uploads\/2016\/11\/llso2017_300x590.png 300w\" sizes=\"auto, (max-width: 153px) 100vw, 153px\" \/><\/a><\/p>\n<p id=\"caption-attachment-1849\" class=\"wp-caption-text\">23. bis 25. Juni 2017 &#8211; <a href=\"https:\/\/www.liedersommer.de\" target=\"_blank\" rel=\"noopener noreferrer\">Linker Liedersommer auf Burg Waldeck<\/a><\/p>\n<\/div>\n<p>Der Veranstaltungs- und Arbeitsplan f\u00fcr 2017 kann hier <a href=\"https:\/\/www.brandenburger-freidenker.de\/cms\/wp-content\/uploads\/2017\/02\/JahresplanBFV_2017_v2.pdf\" target=\"_blank\" rel=\"noopener noreferrer\">herunterladen<\/a> werden.<\/p>\n<h3>Veranstaltungen 2016<\/h3>\n<p>Der Veranstaltungs- und Arbeitsplan f\u00fcr 2016 kann hier herunterladen werden.<\/p>\n<p>Weitere Veranstaltungen im Jahreskreis (wird fortlaufend erg\u00e4nzt):<\/p>\n<ul>\n<li>24. September 2016 &#8211; Tag- und Nachtgleiche im Herbst 2016: Besuch des Friedwaldes bei F\u00fcrstenwalde als gemeinsame Veranstaltung mit den NaturFreunden der OG Ludwigsfelde-Teltow Fl\u00e4ming. Informationen zu dieser Veranstaltung gibt es hier als PDF-Dokument (f\u00fcr die Webanzeige, ca. 180 KB; PDF-Dokument als Ausdruckvariante, ca. 2,5 MB).<\/li>\n<li><del>18. Juni 2016 &#8211; Sommersonnenwende &#8211;\u00a0Besuch des Ethnologischen Museums und der Dom\u00e4ne Dahlem <\/del><\/li>\n<li>4. und 5. Juni 2016 &#8211; DFV-Bundesverbandstag in Potsdam<\/li>\n<li>12. M\u00e4rz 2016 &#8211; Landesverbandstag und Tag- und Nachtgleiche im Fr\u00fchjahr: <span style=\"text-decoration: underline;\">Kultureller Teil<\/span>: Besuch des Heimatmuseums in K\u00f6nigs Wusterhausen, Treffpunkt um 13:00 Uhr am Parkplatz Gerichtsstra\u00dfe zwischen den Kavalierh\u00e4usern und dem VVN-Denkmal; <span style=\"text-decoration: underline;\">Tagungsteil<\/span> ab 15:00 Uhr in der Kaffe &amp; Sportsbar, Cottbuser Str. 38<\/li>\n<li>1. Januar 2016 &#8211; Neujahrsspaziergang in Potsdam, Treffpunkt 14 Uhr am bzw. vor dem Potsdamer &#8222;Caf\u00e9 Heider&#8220;, Tram-Haltestelle &#8222;Am Nauener Tor&#8220; der Tram-Linien 92 und 96.<\/li>\n<\/ul>\n<h3>Veranstaltungen 2015<\/h3>\n<p>Der Veranstaltungs- und Arbeitsplan f\u00fcr 2015 kann hier heruntergeladen werden.<\/p>\n<h3>Unsere Veranstaltungen im Jahreskreis<\/h3>\n<ul>\n<li>19. Dezember 2015 &#8211; Wintersonnenwende &#8211; Veranstaltung bei Oliver Lenz mit Filmvorf\u00fchrung und anschlie\u00dfender Diskussion. Los geht es ab 15 Uhr. Weitere Informationen und Anmeldungen gibt es \u00fcber unsere <a href=\"mailto:info@brandenburger-freidenker.de\" target=\"_blank\" rel=\"noopener noreferrer\">Vereinsadresse<\/a>.<\/li>\n<li><span style=\"color: #ff0000;\">26. September 2015<\/span> &#8211; Tag- und Nachtgleiche im Herbst: Wir planen einen Besuch des <a href=\"http:\/\/www.rheinsberg.de\/de\/tucholsky-museum\/das-museum.html\" target=\"_blank\" rel=\"noopener noreferrer\">Kurt Tucholsky-Museums in Rheinsberg<\/a> und weitere gemeinsame Aktionen dar\u00fcberhinaus vor Ort. Wir treffen uns um 10:30 Uhr am bzw. vor dem <a href=\"https:\/\/goo.gl\/maps\/VteWjCRBiq72\" target=\"_blank\" rel=\"noopener noreferrer\">Rheinsberger Schlo\u00df<\/a>. Bei Interesse und \/ oder Nachfragen zu Fahrgemeinschaften meldet Euch bitte bei uns \u00fcber <a href=\"mailto:vorstand@brandenburger-freidenker.de\" target=\"_blank\" rel=\"noopener noreferrer\">E-Mail<\/a>.<\/li>\n<li>19. bis 21. Juni 2015 &#8211; Sommersonnenwende &#8211; Fahrt zum <a href=\"https:\/\/www.liedersommer.de\" target=\"_blank\" rel=\"noopener noreferrer\">Linken Liedersommer auf Burg Waldeck<\/a>, weitere Informationen und Absprachen bitte \u00fcber\u00a0<a href=\"mailto:vorstand@brandenburger-freidenker.de\" target=\"_blank\" rel=\"noopener noreferrer\">E-Mail<\/a> an uns richten.<\/li>\n<li>21. M\u00e4rz 2015 &#8211; Tag- und Nachtgleiche im Fr\u00fchjahr &#8211; Alternative Stadtrundfahrt in Berlin mit Dr. Seltsam auf den Spuren von Rosa Luxemburg und linker Bewegungen.<br \/>\nTreffpunkt ist um 14.00 Uhr am S-Bahnhof Friedenau. Jeder Teilnehmer ben\u00f6tigt eine Tageskarte f\u00fcr den \u00d6PNV, Teilnehmerpreis 10,- Euro (Nachlass nach Absprache mit uns m\u00f6glich), Kaffeepause am Sockel des bis heute unvollendeten Karl-LiebknechtDenkmals am Potsdamer Platz, Ende am Schleusenkrug (Berlin, Bahnhof Zoo). Weitere Informationen gibt es \u00fcber <a href=\"mailto:vorstand@brandenburger-freidenker.de\" target=\"_blank\" rel=\"noopener noreferrer\">E-Mail<\/a>.<\/li>\n<\/ul>\n<h3>Veranstaltungen 2014<\/h3>\n<p>Unser Arbeitsplan f\u00fcr das Jahr 2014 steht jetzt in einer aktualisierten Fassung bereit und kann hier als PDF-Dokument\u00a0(ca. 265 KB) heruntergeladen werden. Wie immer k\u00f6nnen sich kurzfristige \u00c4nderungen ergeben, dazu beachtet bitte unsere Informationen auf der\u00a0<a title=\"Hyperlink zur Startseite\" href=\"https:\/\/www.brandenburger-freidenker.de\/cms\/\">Startseite.<\/a><\/p>\n<h3>Unsere Veranstaltungen im Jahreskreis<\/h3>\n<ul>\n<li>22. M\u00e4rz 2014 &#8211; <a title=\"Hyperlink zur Einladung der Fr\u00fchjahrs-TuNg 2014\" href=\"https:\/\/www.brandenburger-freidenker.de\/cms\/?p=1094\">Tag- und Nachtgleiche im Fr\u00fchjahr<\/a> &#8211; Besuch einer Imkerei im Potsdamer Umland mit anschlie\u00dfender Vorf\u00fchrung des Filmes &#8222;<a title=\"Hyperlink zur Webseite des Filmes &quot;More than honey&quot;\" href=\"http:\/\/www.morethanhoney.senator.de\/\" target=\"_blank\" rel=\"noopener noreferrer\">More than honey<\/a>&#8220; von Markus Imhoof in Kooperation mit den Naturfreunden Brandenburgs im Potsdamer &#8222;Haus der Natur&#8220;.<\/li>\n<li>21. \/ 22. Juni 2014 &#8211; Sommersonnenwende &#8211; Wochenendfahrt nach Quedlingburg, mit alternativer Stadt- und Kulturf\u00fchrung (Weitere Information folgen <a title=\"Hyperlink zur Organisation \u00fcber unser Mitglieder-Wiki\" href=\"https:\/\/www.brandenburger-freidenker.de\/wiki\/pmwiki.php?n=BFV.Sommersonnenwendfeier2014\" target=\"_blank\" rel=\"noopener noreferrer\">hier<\/a>)<\/li>\n<li>20. September 2014 &#8211; Tag- und Nachtgleiche im Herbst &#8211; Besuch des Museums f\u00fcr Kommunikation (<a title=\"Hyperlink zur Webseite des Museums\" href=\"http:\/\/www.mfk-berlin.de\/\" target=\"_blank\" rel=\"noopener noreferrer\">http:\/\/www.mfk-berlin.de\/<\/a>) und hier speziell die Ausstellung Netze des Krieges. Kommunikation 14\/18\u00a0 (<a title=\"Webseite des Museums f\u00fcr Kommunikation - Netze des Krieges 14\/18\" href=\"http:\/\/www.mfk-berlin.de\/netze-des-krieges\/\" target=\"_blank\" rel=\"noopener noreferrer\">http:\/\/www.mfk-berlin.de\/netze-des-krieges\/<\/a>), sowie der Veranstaltung &#8222;Erich M\u00fchsam zum Gedenken&#8220; von und mit Isabel Neuenfeldt (<a title=\"Hyperlink zur Webseite von Isabel Neuenfeldt\" href=\"http:\/\/www.isaneu.de\/\" target=\"_blank\" rel=\"noopener noreferrer\">http:\/\/www.isaneu.de\/<\/a>), Susanne Misere, Peter B\u00e4\u00df<\/li>\n<li>20. Dezember 2014 &#8211; Wintersonnenwende &#8211; Veranstaltung bei Oliver Lenz mit Filmvorf\u00fchrung und anschlie\u00dfender Diskussion. Los geht es ab 15 Uhr. Weitere Informationen gibt es \u00fcber unsere <a href=\"mailto:info@brandenburger-freidenker.de\" target=\"_blank\" rel=\"noopener noreferrer\">Vereinsadresse<\/a>.<\/li>\n<li>1. Januar 2015 &#8211; Neujahrsspaziergang in Potsdam, Treffpunkt 14 Uhr am bzw. vor dem Potsdamer &#8222;Caf\u00e9 Heider&#8220;, Tram-Haltestelle &#8222;Am Nauener Tor&#8220; der Tram-Linien 92 und 96.<\/li>\n<\/ul>\n","protected":false},"excerpt":{"rendered":"<p>Veranstaltungsreihen Potsdamer Runde: Die Potsdamer FreidenkerInnen und FreundInnen treffen sich regelm\u00e4\u00dfig in der Regel am ersten Donnerstag im Monat (Ausnahmen sind Feiertage und bei sich terminlich \u00fcberlappenden Veranstaltungen) um 19 Uhr. Bitte beachtet: Treff um 19.00 Uhr ist f\u00fcr die &hellip; <a href=\"https:\/\/www.brandenburger-freidenker.de\/cms\/?page_id=24\">Weiterlesen <span class=\"meta-nav\">&rarr;<\/span><\/a><\/p>\n","protected":false},"author":5,"featured_media":0,"parent":0,"menu_order":30,"comment_status":"closed","ping_status":"closed","template":"","meta":{"footnotes":""},"class_list":["post-24","page","type-page","status-publish","hentry"],"_links":{"self":[{"href":"https:\/\/www.brandenburger-freidenker.de\/cms\/index.php?rest_route=\/wp\/v2\/pages\/24","targetHints":{"allow":["GET"]}}],"collection":[{"href":"https:\/\/www.brandenburger-freidenker.de\/cms\/index.php?rest_route=\/wp\/v2\/pages"}],"about":[{"href":"https:\/\/www.brandenburger-freidenker.de\/cms\/index.php?rest_route=\/wp\/v2\/types\/page"}],"author":[{"embeddable":true,"href":"https:\/\/www.brandenburger-freidenker.de\/cms\/index.php?rest_route=\/wp\/v2\/users\/5"}],"replies":[{"embeddable":true,"href":"https:\/\/www.brandenburger-freidenker.de\/cms\/index.php?rest_route=%2Fwp%2Fv2%2Fcomments&post=24"}],"version-history":[{"count":14,"href":"https:\/\/www.brandenburger-freidenker.de\/cms\/index.php?rest_route=\/wp\/v2\/pages\/24\/revisions"}],"predecessor-version":[{"id":2602,"href":"https:\/\/www.brandenburger-freidenker.de\/cms\/index.php?rest_route=\/wp\/v2\/pages\/24\/revisions\/2602"}],"wp:attachment":[{"href":"https:\/\/www.brandenburger-freidenker.de\/cms\/index.php?rest_route=%2Fwp%2Fv2%2Fmedia&parent=24"}],"curies":[{"name":"wp","href":"https:\/\/api.w.org\/{rel}","templated":true}]}}